{"id":29,"date":"2024-01-07T14:25:00","date_gmt":"2024-01-07T14:25:00","guid":{"rendered":"https:\/\/www.surflife.com.tr\/home\/?page_id=29"},"modified":"2024-01-07T19:27:41","modified_gmt":"2024-01-07T19:27:41","slug":"hakkimizda","status":"publish","type":"page","link":"https:\/\/www.surflife.com.tr\/home\/hakkimizda\/","title":{"rendered":"Hakk\u0131m\u0131zda"},"content":{"rendered":"\n<div class=\"wp-block-cover alignfull\" style=\"min-height:1004px;aspect-ratio:unset;\"><span aria-hidden=\"true\" class=\"wp-block-cover__background has-background-dim\"><\/span><img loading=\"lazy\" decoding=\"async\" width=\"768\" height=\"1024\" class=\"wp-block-cover__image-background wp-image-31\" alt=\"\" src=\"https:\/\/www.surflife.com.tr\/home\/wp-content\/uploads\/2024\/01\/hakkimizda-768x1024.jpeg\" data-object-fit=\"cover\" srcset=\"https:\/\/www.surflife.com.tr\/home\/wp-content\/uploads\/2024\/01\/hakkimizda-768x1024.jpeg 768w, https:\/\/www.surflife.com.tr\/home\/wp-content\/uploads\/2024\/01\/hakkimizda-225x300.jpeg 225w, https:\/\/www.surflife.com.tr\/home\/wp-content\/uploads\/2024\/01\/hakkimizda-1152x1536.jpeg 1152w, https:\/\/www.surflife.com.tr\/home\/wp-content\/uploads\/2024\/01\/hakkimizda.jpeg 1536w\" sizes=\"auto, (max-width: 768px) 100vw, 768px\" \/><div class=\"wp-block-cover__inner-container is-layout-flow wp-block-cover-is-layout-flow\">\n<p class=\"has-text-align-center has-large-font-size\"><\/p>\n\n\n\n<p class=\"has-text-align-center has-dm-serif-display-font-family has-site-title-font-size\">SurfLife Hakk\u0131nda \u00d6\u011frenin&#8230;<\/p>\n\n\n\n<p class=\"has-text-align-center has-dm-serif-display-font-family has-site-title-font-size\">Merhaba, bizi ziyaret etti\u011finiz i\u00e7in te\u015fekk\u00fcr ederim! Surf Life ekibimiz size her zaman en lezzetli yemekleri sunar.<\/p>\n\n\n\n<p class=\"has-text-align-center has-dm-serif-display-font-family has-site-title-font-size\"> Alanya&#8217;n\u0131n \u00fcnl\u00fc markas\u0131 Surf Life, denizin tazeli\u011fini ve canl\u0131l\u0131\u011f\u0131n\u0131 sizinle payla\u015fmaktan \u00e7ok mutluyuz. Siz bizim i\u00e7in \u00e7ok \u00f6nemli ve de\u011ferlisiniz! Sizinle tan\u0131\u015ft\u0131\u011f\u0131m\u0131za sevindik! Biz her zaman sizi bekliyoruz! <\/p>\n\n\n\n<p class=\"has-text-align-center has-dm-serif-display-font-family has-site-title-font-size\">\u2665\ufe0f<\/p>\n\n\n\n<p class=\"has-text-align-center has-dm-serif-display-font-family has-site-title-font-size\">\u0417\u0434\u0440\u0430\u0432\u0441\u0442\u0432\u0443\u0439\u0442\u0435, \u0441\u043f\u0430\u0441\u0438\u0431\u043e, \u0447\u0442\u043e \u043f\u043e\u0441\u0435\u0442\u0438\u043b\u0438 \u043d\u0430\u0441! \u041d\u0430\u0448\u0430 \u043a\u043e\u043c\u0430\u043d\u0434\u0430 Surf Life \u0432\u0441\u0435\u0433\u0434\u0430 \u043f\u0440\u0435\u0434\u043b\u0430\u0433\u0430\u0435\u0442 \u0432\u0430\u043c \u0441\u0430\u043c\u044b\u0435 \u0432\u043a\u0443\u0441\u043d\u044b\u0435 \u0431\u043b\u044e\u0434\u0430.<\/p>\n\n\n\n<p class=\"has-text-align-center has-dm-serif-display-font-family has-site-title-font-size\"> \u0418\u0437\u0432\u0435\u0441\u0442\u043d\u044b\u0439 \u0431\u0440\u0435\u043d\u0434 \u0410\u043b\u0430\u043d\u0438\u0438 Surf Life \u043e\u0447\u0435\u043d\u044c \u0440\u0430\u0434 \u043f\u043e\u0434\u0435\u043b\u0438\u0442\u044c\u0441\u044f \u0441 \u0432\u0430\u043c\u0438 \u0441\u0432\u0435\u0436\u0435\u0441\u0442\u044c\u044e \u0438 \u044f\u0440\u043a\u043e\u0441\u0442\u044c\u044e \u043c\u043e\u0440\u044f. \u0412\u044b \u043e\u0447\u0435\u043d\u044c \u0434\u043e\u0440\u043e\u0433\u0438 \u0438 \u0434\u043e\u0440\u043e\u0433\u0438 \u0434\u043b\u044f \u043d\u0430\u0441! \u041c\u044b \u0440\u0430\u0434\u044b, \u0447\u0442\u043e \u0432\u044b \u0443 \u043d\u0430\u0441 \u0435\u0441\u0442\u044c! \u041c\u044b \u0432\u0441\u0435\u0433\u0434\u0430 \u0436\u0434\u0435\u043c \u0432\u0430\u0441!  <\/p>\n\n\n\n<p class=\"has-text-align-center has-dm-serif-display-font-family has-site-title-font-size\">\u2665\ufe0f<\/p>\n\n\n\n<p class=\"has-text-align-center has-dm-serif-display-font-family has-site-title-font-size\" style=\"margin-right:0;margin-left:0\">Hello, thank you for visiting us! Our Surf Life team always offers you the most delicious meals. <\/p>\n\n\n\n<p class=\"has-text-align-center has-dm-serif-display-font-family has-site-title-font-size\">Surf Life, the famous brand of Alanya, is very happy to share the freshness and vitality of the sea with you. You are very valuable and precious to us! We are glad to have you! We are always waiting for you! <\/p>\n\n\n\n<p class=\"has-text-align-center has-dm-serif-display-font-family has-site-title-font-size\">\u2665\ufe0f<\/p>\n\n\n\n<p class=\"has-text-align-center has-dm-serif-display-font-family has-site-title-font-size\">Erfahren Sie Mehr \u00dcber SurfLife&#8230; Hallo, danke f\u00fcr Ihren Besuch! Unser Surf Life Team bietet Ihnen immer die leckersten Gerichte. Surf Life, die ber\u00fchmte Marke von Alanya, freut sich sehr, die Frische und Vitalit\u00e4t des Meeres mit ihnen zu teilen. Sie sind uns sehr wichtig und wertvoll! Freut mich, sie kennenzulernen! Wir warten immer auf sie!<\/p>\n<\/div><\/div>\n","protected":false},"excerpt":{"rendered":"","protected":false},"author":1,"featured_media":31,"parent":0,"menu_order":0,"comment_status":"closed","ping_status":"closed","template":"","meta":{"footnotes":""},"class_list":["post-29","page","type-page","status-publish","has-post-thumbnail","hentry"],"_links":{"self":[{"href":"https:\/\/www.surflife.com.tr\/home\/wp-json\/wp\/v2\/pages\/29","targetHints":{"allow":["GET"]}}],"collection":[{"href":"https:\/\/www.surflife.com.tr\/home\/wp-json\/wp\/v2\/pages"}],"about":[{"href":"https:\/\/www.surflife.com.tr\/home\/wp-json\/wp\/v2\/types\/page"}],"author":[{"embeddable":true,"href":"https:\/\/www.surflife.com.tr\/home\/wp-json\/wp\/v2\/users\/1"}],"replies":[{"embeddable":true,"href":"https:\/\/www.surflife.com.tr\/home\/wp-json\/wp\/v2\/comments?post=29"}],"version-history":[{"count":16,"href":"https:\/\/www.surflife.com.tr\/home\/wp-json\/wp\/v2\/pages\/29\/revisions"}],"predecessor-version":[{"id":142,"href":"https:\/\/www.surflife.com.tr\/home\/wp-json\/wp\/v2\/pages\/29\/revisions\/142"}],"wp:featuredmedia":[{"embeddable":true,"href":"https:\/\/www.surflife.com.tr\/home\/wp-json\/wp\/v2\/media\/31"}],"wp:attachment":[{"href":"https:\/\/www.surflife.com.tr\/home\/wp-json\/wp\/v2\/media?parent=29"}],"curies":[{"name":"wp","href":"https:\/\/api.w.org\/{rel}","templated":true}]}}